{"id":9,"date":"2024-03-06T20:54:29","date_gmt":"2024-03-06T19:54:29","guid":{"rendered":"https:\/\/byvanie.ubytkodemanova.sk\/?page_id=9"},"modified":"2024-03-06T22:13:12","modified_gmt":"2024-03-06T21:13:12","slug":"domov","status":"publish","type":"page","link":"https:\/\/byvanie.ubytkodemanova.sk\/","title":{"rendered":"Domov"},"content":{"rendered":"<!--themify_builder_content-->\n<div id=\"themify_builder_content-9\" data-postid=\"9\" class=\"themify_builder_content themify_builder_content-9 themify_builder tf_clear\">\n    \t\t\t\t<div  data-css_id=\"o0e3990\" data-lazy=\"1\" class=\"module_row themify_builder_row fullwidth tb_o0e3990 tb_first tf_w\">\n\t\t\t\t\t\t<div class=\"row_inner col_align_top tb_col_count_1 tf_box tf_rel\">\n\t\t\t\t\t\t<div  data-lazy=\"1\" class=\"module_column tb-column col-full tb_6r6a990 first\">\n\t\t\t\t\t<!-- module pointers -->\n<div  id=\"tb_j8uu864\" class=\"module module-pointers tb_j8uu864  tf_textc\" data-lazy=\"1\">\n\t\n    <div class=\"showcase-image tf_inline_b tf_rel tf_mw\">\n\t\t<img loading=\"lazy\" decoding=\"async\" src=\"https:\/\/byvanie.ubytkodemanova.sk\/wp-content\/uploads\/2024\/03\/map-1024x475-2560x1189.jpg\" width=\"2560\" height=\"1189\" class=\"wp-post-image wp-image-76\" title=\"map\" alt=\"map\" srcset=\"https:\/\/byvanie.ubytkodemanova.sk\/wp-content\/uploads\/2024\/03\/map-1024x475-2560x1189.jpg 2560w, https:\/\/byvanie.ubytkodemanova.sk\/wp-content\/uploads\/2024\/03\/map-300x139.jpg 300w, https:\/\/byvanie.ubytkodemanova.sk\/wp-content\/uploads\/2024\/03\/map-1024x475.jpg 1024w, https:\/\/byvanie.ubytkodemanova.sk\/wp-content\/uploads\/2024\/03\/map-768x357.jpg 768w, https:\/\/byvanie.ubytkodemanova.sk\/wp-content\/uploads\/2024\/03\/map-1536x713.jpg 1536w, https:\/\/byvanie.ubytkodemanova.sk\/wp-content\/uploads\/2024\/03\/map-2048x951.jpg 2048w\" sizes=\"auto, (max-width: 2560px) 100vw, 2560px\" \/>\n\n\t\t\t<div class=\"tb-blob tb-blob-right  tf_abs_t\" style=\"top:26.37%;left:19.74%\">\n\n\t\t\t\t\n\t\t\t\t\t\t\t\t\t\t<span class=\"tb_blob_wrap tf_rel tf_block\" tabindex=\"0\">\n\t\t\t\t\t\t<span class=\"tb_blob_icon tf_textc tf_abs_t tf_box tf_w tf_h\">\n\t\t\t\t\t\t\t<svg  class=\"tf_fa tf-ti-plus\" aria-hidden=\"true\"><use href=\"#tf-ti-plus\"><\/use><\/svg>\t\t\t\t\t\t<\/span>\n\t\t\t\t\t\t<span class=\"tb_blob_pulse\"><\/span>\t\t\t\t\t<\/span>\n\n\t\t\t\t\t\n\t\t\t\t\t\t\t\t\t<div class=\"tb-blob-tooltip tf_opacity tf_hidden\" role=\"tooltip\">sss<\/div>\n\t\t\t\t\t \t\t\t<\/div>\n\n\n\t\t    <\/div>\n\t<\/div>\n<!-- \/module pointers -->\n\t\t<\/div>\n\t\t\t\t\t\t<\/div>\n\t\t<\/div>\n\t\t\t\t\t\t<div  data-lazy=\"1\" class=\"module_row themify_builder_row tb_xztr682 tf_w\">\n\t\t\t\t\t\t<div class=\"row_inner col_align_top tb_col_count_1 tf_box tf_rel\">\n\t\t\t\t\t\t<div  data-lazy=\"1\" class=\"module_column tb-column col-full tb_pfb2682 first\">\n\t\t\t\t\t<!-- module text -->\n<div  class=\"module module-text tb_wann682   \" data-lazy=\"1\">\n\t    <div  class=\"tb_text_wrap\">\n\t\t<h2 style=\"text-align: center;\">Spokojn\u00fd \u017eivot pre v\u0161etk\u00fdch<\/h2>\n<p style=\"text-align: center;\">Slne\u010dnice sme od za\u010diatku videli ako miesto stvoren\u00e9 pre pr\u00e1cu, oddych aj z\u00e1\u017eitky. Preto\u017ee \u017ei\u0165 v meste znamen\u00e1 ma\u0165 mo\u017enosti.<\/p>    <\/div>\n<\/div>\n<!-- \/module text -->\t\t<\/div>\n\t\t\t\t\t\t<\/div>\n\t\t<\/div>\n\t\t\t\t\t\t<div  data-lazy=\"1\" class=\"module_row themify_builder_row tb_83jq390 tf_w\">\n\t\t\t\t\t\t<div class=\"row_inner col_align_top tb_col_count_5 tf_box tf_rel\">\n\t\t\t\t\t\t<div  data-lazy=\"1\" class=\"module_column tb-column col5-1 tb_khzm390 first\">\n\t\t\t\t\t<!-- module image -->\n<div  class=\"module module-image tb_fi27587 image-center   tf_mw\" data-lazy=\"1\">\n        <div class=\"image-wrap tf_rel tf_mw\">\n\t\t    <img decoding=\"async\" src=\"https:\/\/byvanie.ubytkodemanova.sk\/wp-content\/uploads\/2024\/03\/parents.svg\" class=\"wp-post-image wp-image-73\" title=\"Rodi\u010dia\" alt=\"Pomedzi a poza domy nako\u010d\u00edkujeme kilometre, oddychujeme vo vn\u00fatroblokoch, chod\u00edme s de\u0165mi na ihrisk\u00e1.\">\t\n\t\t<\/div>\n\t<!-- \/image-wrap -->\n    \n    \t<div class=\"image-content\">\n\t    \t\t\t<h3 class=\"image-title\">\n\t\t\t\t\t\t\t\t\tRodi\u010dia\t\t\t\t\t\t\t<\/h3>\n\t    \t    \t\t<div class=\"image-caption tb_text_wrap\">\n\t\t    Pomedzi a poza domy nako\u010d\u00edkujeme kilometre, oddychujeme vo vn\u00fatroblokoch, chod\u00edme s de\u0165mi na ihrisk\u00e1.\t    <\/div>\n\t    <!-- \/image-caption -->\n\t    \t<\/div>\n\t<!-- \/image-content -->\n    \t<\/div>\n<!-- \/module image -->\t\t<\/div>\n\t\t\t\t\t<div  data-lazy=\"1\" class=\"module_column tb-column col5-1 tb_xo13194\">\n\t\t\t\t\t<!-- module image -->\n<div  class=\"module module-image tb_uwaj749 image-center   tf_mw\" data-lazy=\"1\">\n        <div class=\"image-wrap tf_rel tf_mw\">\n\t\t    <img decoding=\"async\" src=\"https:\/\/byvanie.ubytkodemanova.sk\/wp-content\/uploads\/2024\/03\/parents.svg\" class=\"wp-post-image wp-image-73\" title=\"Rodi\u010dia\" alt=\"Pomedzi a poza domy nako\u010d\u00edkujeme kilometre, oddychujeme vo vn\u00fatroblokoch, chod\u00edme s de\u0165mi na ihrisk\u00e1.\">\t\n\t\t<\/div>\n\t<!-- \/image-wrap -->\n    \n    \t<div class=\"image-content\">\n\t    \t\t\t<h3 class=\"image-title\">\n\t\t\t\t\t\t\t\t\tRodi\u010dia\t\t\t\t\t\t\t<\/h3>\n\t    \t    \t\t<div class=\"image-caption tb_text_wrap\">\n\t\t    Pomedzi a poza domy nako\u010d\u00edkujeme kilometre, oddychujeme vo vn\u00fatroblokoch, chod\u00edme s de\u0165mi na ihrisk\u00e1.\t    <\/div>\n\t    <!-- \/image-caption -->\n\t    \t<\/div>\n\t<!-- \/image-content -->\n    \t<\/div>\n<!-- \/module image -->\t\t<\/div>\n\t\t\t\t\t<div  data-lazy=\"1\" class=\"module_column tb-column col5-1 tb_bloq194\">\n\t\t\t\t\t<!-- module image -->\n<div  class=\"module module-image tb_ecgm829 image-center   tf_mw\" data-lazy=\"1\">\n        <div class=\"image-wrap tf_rel tf_mw\">\n\t\t    <img decoding=\"async\" src=\"https:\/\/byvanie.ubytkodemanova.sk\/wp-content\/uploads\/2024\/03\/parents.svg\" class=\"wp-post-image wp-image-73\" title=\"Rodi\u010dia\" alt=\"Pomedzi a poza domy nako\u010d\u00edkujeme kilometre, oddychujeme vo vn\u00fatroblokoch, chod\u00edme s de\u0165mi na ihrisk\u00e1.\">\t\n\t\t<\/div>\n\t<!-- \/image-wrap -->\n    \n    \t<div class=\"image-content\">\n\t    \t\t\t<h3 class=\"image-title\">\n\t\t\t\t\t\t\t\t\tRodi\u010dia\t\t\t\t\t\t\t<\/h3>\n\t    \t    \t\t<div class=\"image-caption tb_text_wrap\">\n\t\t    Pomedzi a poza domy nako\u010d\u00edkujeme kilometre, oddychujeme vo vn\u00fatroblokoch, chod\u00edme s de\u0165mi na ihrisk\u00e1.\t    <\/div>\n\t    <!-- \/image-caption -->\n\t    \t<\/div>\n\t<!-- \/image-content -->\n    \t<\/div>\n<!-- \/module image -->\t\t<\/div>\n\t\t\t\t\t<div  data-lazy=\"1\" class=\"module_column tb-column col5-1 tb_tm5s194\">\n\t\t\t\t\t<!-- module image -->\n<div  class=\"module module-image tb_8s1g280 image-center   tf_mw\" data-lazy=\"1\">\n        <div class=\"image-wrap tf_rel tf_mw\">\n\t\t    <img decoding=\"async\" src=\"https:\/\/byvanie.ubytkodemanova.sk\/wp-content\/uploads\/2024\/03\/parents.svg\" class=\"wp-post-image wp-image-73\" title=\"Rodi\u010dia\" alt=\"Pomedzi a poza domy nako\u010d\u00edkujeme kilometre, oddychujeme vo vn\u00fatroblokoch, chod\u00edme s de\u0165mi na ihrisk\u00e1.\">\t\n\t\t<\/div>\n\t<!-- \/image-wrap -->\n    \n    \t<div class=\"image-content\">\n\t    \t\t\t<h3 class=\"image-title\">\n\t\t\t\t\t\t\t\t\tRodi\u010dia\t\t\t\t\t\t\t<\/h3>\n\t    \t    \t\t<div class=\"image-caption tb_text_wrap\">\n\t\t    Pomedzi a poza domy nako\u010d\u00edkujeme kilometre, oddychujeme vo vn\u00fatroblokoch, chod\u00edme s de\u0165mi na ihrisk\u00e1.\t    <\/div>\n\t    <!-- \/image-caption -->\n\t    \t<\/div>\n\t<!-- \/image-content -->\n    \t<\/div>\n<!-- \/module image -->\t\t<\/div>\n\t\t\t\t\t<div  data-lazy=\"1\" class=\"module_column tb-column col5-1 tb_rk9o194 last\">\n\t\t\t\t\t<!-- module image -->\n<div  class=\"module module-image tb_h68g2 image-center   tf_mw\" data-lazy=\"1\">\n        <div class=\"image-wrap tf_rel tf_mw\">\n\t\t    <img decoding=\"async\" src=\"https:\/\/byvanie.ubytkodemanova.sk\/wp-content\/uploads\/2024\/03\/parents.svg\" class=\"wp-post-image wp-image-73\" title=\"Rodi\u010dia\" alt=\"Pomedzi a poza domy nako\u010d\u00edkujeme kilometre, oddychujeme vo vn\u00fatroblokoch, chod\u00edme s de\u0165mi na ihrisk\u00e1.\">\t\n\t\t<\/div>\n\t<!-- \/image-wrap -->\n    \n    \t<div class=\"image-content\">\n\t    \t\t\t<h3 class=\"image-title\">\n\t\t\t\t\t\t\t\t\tRodi\u010dia\t\t\t\t\t\t\t<\/h3>\n\t    \t    \t\t<div class=\"image-caption tb_text_wrap\">\n\t\t    Pomedzi a poza domy nako\u010d\u00edkujeme kilometre, oddychujeme vo vn\u00fatroblokoch, chod\u00edme s de\u0165mi na ihrisk\u00e1.\t    <\/div>\n\t    <!-- \/image-caption -->\n\t    \t<\/div>\n\t<!-- \/image-content -->\n    \t<\/div>\n<!-- \/module image -->\t\t<\/div>\n\t\t\t\t\t\t<\/div>\n\t\t<\/div>\n\t\t\t\t\t\t<div  data-lazy=\"1\" class=\"module_row themify_builder_row tb_hnnr396 tf_w\">\n\t\t\t\t\t\t<div class=\"row_inner col_align_top tb_col_count_1 tf_box tf_rel\">\n\t\t\t\t\t\t<div  data-lazy=\"1\" class=\"module_column tb-column col-full tb_1j8g397 first\">\n\t\t\t\t\t<!-- module image -->\n<div  class=\"module module-image tb_c1jn841 image-center   tf_mw\" data-lazy=\"1\">\n        <div class=\"image-wrap tf_rel tf_mw\">\n\t\t    <img loading=\"lazy\" decoding=\"async\" width=\"2000\" height=\"1125\" src=\"https:\/\/byvanie.ubytkodemanova.sk\/wp-content\/uploads\/2024\/03\/next_static_image_public_images_cam_maze.8f03e8df2f99f4c0c796d25bc78ec662.jpg\" class=\"wp-post-image wp-image-68\" title=\"__next_static_image_public_images_cam_maze.8f03e8df2f99f4c0c796d25bc78ec662\" alt=\"__next_static_image_public_images_cam_maze.8f03e8df2f99f4c0c796d25bc78ec662\" srcset=\"https:\/\/byvanie.ubytkodemanova.sk\/wp-content\/uploads\/2024\/03\/next_static_image_public_images_cam_maze.8f03e8df2f99f4c0c796d25bc78ec662.jpg 2000w, https:\/\/byvanie.ubytkodemanova.sk\/wp-content\/uploads\/2024\/03\/next_static_image_public_images_cam_maze.8f03e8df2f99f4c0c796d25bc78ec662-300x169.jpg 300w, https:\/\/byvanie.ubytkodemanova.sk\/wp-content\/uploads\/2024\/03\/next_static_image_public_images_cam_maze.8f03e8df2f99f4c0c796d25bc78ec662-1024x576.jpg 1024w, https:\/\/byvanie.ubytkodemanova.sk\/wp-content\/uploads\/2024\/03\/next_static_image_public_images_cam_maze.8f03e8df2f99f4c0c796d25bc78ec662-768x432.jpg 768w, https:\/\/byvanie.ubytkodemanova.sk\/wp-content\/uploads\/2024\/03\/next_static_image_public_images_cam_maze.8f03e8df2f99f4c0c796d25bc78ec662-1536x864.jpg 1536w\" sizes=\"auto, (max-width: 2000px) 100vw, 2000px\" \/>\t\n\t\t<\/div>\n\t<!-- \/image-wrap -->\n    \n    \t<\/div>\n<!-- \/module image -->\t\t<\/div>\n\t\t\t\t\t\t<\/div>\n\t\t<\/div>\n\t\t\t\t\t\t<div  data-lazy=\"1\" class=\"module_row themify_builder_row tb_b92b797 tf_w\">\n\t\t\t\t\t\t<div class=\"row_inner col_align_top tb_col_count_1 tf_box tf_rel\">\n\t\t\t\t\t\t<div  data-lazy=\"1\" class=\"module_column tb-column col-full tb_dlqe797 first\">\n\t\t\t\t\t<!-- module text -->\n<div  class=\"module module-text tb_nita797   \" data-lazy=\"1\">\n\t    <div  class=\"tb_text_wrap\">\n\t\t<h2 style=\"text-align: center;\">Bli\u017e\u0161ie, ako sa v\u00e1m zd\u00e1<\/h2>\n<p style=\"text-align: center;\">Autom, na bicykli, aj pl\u00e1novanou elektri\u010dkou \u2013 v centre Bratislavy m\u00f4\u017eete by\u0165 za nieko\u013eko min\u00fat.<\/p>    <\/div>\n<\/div>\n<!-- \/module text --><!-- module image -->\n<div  class=\"module module-image tb_b2rv797 image-center   tf_mw\" data-lazy=\"1\">\n        <div class=\"image-wrap tf_rel tf_mw\">\n\t\t    <img loading=\"lazy\" decoding=\"async\" width=\"576\" height=\"500\" src=\"https:\/\/byvanie.ubytkodemanova.sk\/wp-content\/uploads\/2024\/03\/map-illustration.png\" class=\"wp-post-image wp-image-66\" title=\"map-illustration\" alt=\"map-illustration\" srcset=\"https:\/\/byvanie.ubytkodemanova.sk\/wp-content\/uploads\/2024\/03\/map-illustration.png 576w, https:\/\/byvanie.ubytkodemanova.sk\/wp-content\/uploads\/2024\/03\/map-illustration-300x260.png 300w\" sizes=\"auto, (max-width: 576px) 100vw, 576px\" \/>\t\n\t\t<\/div>\n\t<!-- \/image-wrap -->\n    \n    \t<\/div>\n<!-- \/module image -->\t\t<\/div>\n\t\t\t\t\t\t<\/div>\n\t\t<\/div>\n\t\t\t\t\t\t<div  data-lazy=\"1\" class=\"module_row themify_builder_row tb_vvpl632 tf_w\">\n\t\t\t\t\t\t<div class=\"row_inner col_align_top tb_col_count_1 tf_box tf_rel\">\n\t\t\t\t\t\t<div  data-lazy=\"1\" class=\"module_column tb-column col-full tb_i3ep632 first\">\n\t\t\t\t\t<!-- module text -->\n<div  class=\"module module-text tb_m5cu632   \" data-lazy=\"1\">\n\t    <div  class=\"tb_text_wrap\">\n\t\t<h2 style=\"text-align: center;\">Slne\u010dnice u\u017e toho maj\u00fa dos\u0165 za sebou<\/h2>\n<p style=\"text-align: center;\">A e\u0161te viac pred sebou.<\/p>    <\/div>\n<\/div>\n<!-- \/module text --><!-- module image -->\n<div  class=\"module module-image tb_pbh1632 image-top   tf_mw\" data-lazy=\"1\">\n        <div class=\"image-wrap tf_rel tf_mw\">\n\t\t    <img decoding=\"async\" src=\"https:\/\/byvanie.ubytkodemanova.sk\/wp-content\/uploads\/2024\/03\/timeline-1.svg\" class=\"wp-post-image wp-image-64\" title=\"timeline\" alt=\"timeline\">\t\n\t\t<\/div>\n\t<!-- \/image-wrap -->\n    \n    \t<\/div>\n<!-- \/module image -->\t\t<\/div>\n\t\t\t\t\t\t<\/div>\n\t\t<\/div>\n\t\t<\/div>\n<!--\/themify_builder_content-->","protected":false},"excerpt":{"rendered":"<p>Spokojn\u00fd \u017eivot pre v\u0161etk\u00fdch Slne\u010dnice sme od za\u010diatku videli ako miesto stvoren\u00e9 pre pr\u00e1cu, oddych aj z\u00e1\u017eitky. Preto\u017ee \u017ei\u0165 v meste znamen\u00e1 ma\u0165 mo\u017enosti.<\/p>\n","protected":false},"author":1,"featured_media":0,"parent":0,"menu_order":0,"comment_status":"closed","ping_status":"closed","template":"","meta":{"footnotes":""},"class_list":["post-9","page","type-page","status-publish","hentry","has-post-title","has-post-date","has-post-category","has-post-tag","has-post-comment","has-post-author",""],"builder_content":"<img src=\"https:\/\/byvanie.ubytkodemanova.sk\/wp-content\/uploads\/2024\/03\/map-1024x475-2560x1189.jpg\" width=\"2560\" height=\"1189\" title=\"map\" alt=\"map\" srcset=\"https:\/\/byvanie.ubytkodemanova.sk\/wp-content\/uploads\/2024\/03\/map-1024x475-2560x1189.jpg 2560w, https:\/\/byvanie.ubytkodemanova.sk\/wp-content\/uploads\/2024\/03\/map-300x139.jpg 300w, https:\/\/byvanie.ubytkodemanova.sk\/wp-content\/uploads\/2024\/03\/map-1024x475.jpg 1024w, https:\/\/byvanie.ubytkodemanova.sk\/wp-content\/uploads\/2024\/03\/map-768x357.jpg 768w, https:\/\/byvanie.ubytkodemanova.sk\/wp-content\/uploads\/2024\/03\/map-1536x713.jpg 1536w, https:\/\/byvanie.ubytkodemanova.sk\/wp-content\/uploads\/2024\/03\/map-2048x951.jpg 2048w\" sizes=\"(max-width: 2560px) 100vw, 2560px\" \/>\n \n <svg aria-hidden=\"true\"><use href=\"#tf-ti-plus\"><\/use><\/svg> \n sss\n<h2 style=\"text-align: center;\">Spokojn\u00fd \u017eivot pre v\u0161etk\u00fdch<\/h2> <p style=\"text-align: center;\">Slne\u010dnice sme od za\u010diatku videli ako miesto stvoren\u00e9 pre pr\u00e1cu, oddych aj z\u00e1\u017eitky. Preto\u017ee \u017ei\u0165 v meste znamen\u00e1 ma\u0165 mo\u017enosti.<\/p>\n<img src=\"https:\/\/byvanie.ubytkodemanova.sk\/wp-content\/uploads\/2024\/03\/parents.svg\" title=\"Rodi\u010dia\" alt=\"Pomedzi a poza domy nako\u010d\u00edkujeme kilometre, oddychujeme vo vn\u00fatroblokoch, chod\u00edme s de\u0165mi na ihrisk\u00e1.\"> <h3> Rodi\u010dia <\/h3> Pomedzi a poza domy nako\u010d\u00edkujeme kilometre, oddychujeme vo vn\u00fatroblokoch, chod\u00edme s de\u0165mi na ihrisk\u00e1.\n<img src=\"https:\/\/byvanie.ubytkodemanova.sk\/wp-content\/uploads\/2024\/03\/parents.svg\" title=\"Rodi\u010dia\" alt=\"Pomedzi a poza domy nako\u010d\u00edkujeme kilometre, oddychujeme vo vn\u00fatroblokoch, chod\u00edme s de\u0165mi na ihrisk\u00e1.\"> <h3> Rodi\u010dia <\/h3> Pomedzi a poza domy nako\u010d\u00edkujeme kilometre, oddychujeme vo vn\u00fatroblokoch, chod\u00edme s de\u0165mi na ihrisk\u00e1.\n<img src=\"https:\/\/byvanie.ubytkodemanova.sk\/wp-content\/uploads\/2024\/03\/parents.svg\" title=\"Rodi\u010dia\" alt=\"Pomedzi a poza domy nako\u010d\u00edkujeme kilometre, oddychujeme vo vn\u00fatroblokoch, chod\u00edme s de\u0165mi na ihrisk\u00e1.\"> <h3> Rodi\u010dia <\/h3> Pomedzi a poza domy nako\u010d\u00edkujeme kilometre, oddychujeme vo vn\u00fatroblokoch, chod\u00edme s de\u0165mi na ihrisk\u00e1.\n<img src=\"https:\/\/byvanie.ubytkodemanova.sk\/wp-content\/uploads\/2024\/03\/parents.svg\" title=\"Rodi\u010dia\" alt=\"Pomedzi a poza domy nako\u010d\u00edkujeme kilometre, oddychujeme vo vn\u00fatroblokoch, chod\u00edme s de\u0165mi na ihrisk\u00e1.\"> <h3> Rodi\u010dia <\/h3> Pomedzi a poza domy nako\u010d\u00edkujeme kilometre, oddychujeme vo vn\u00fatroblokoch, chod\u00edme s de\u0165mi na ihrisk\u00e1.\n<img src=\"https:\/\/byvanie.ubytkodemanova.sk\/wp-content\/uploads\/2024\/03\/parents.svg\" title=\"Rodi\u010dia\" alt=\"Pomedzi a poza domy nako\u010d\u00edkujeme kilometre, oddychujeme vo vn\u00fatroblokoch, chod\u00edme s de\u0165mi na ihrisk\u00e1.\"> <h3> Rodi\u010dia <\/h3> Pomedzi a poza domy nako\u010d\u00edkujeme kilometre, oddychujeme vo vn\u00fatroblokoch, chod\u00edme s de\u0165mi na ihrisk\u00e1.\n<img src=\"https:\/\/byvanie.ubytkodemanova.sk\/wp-content\/uploads\/2024\/03\/next_static_image_public_images_cam_maze.8f03e8df2f99f4c0c796d25bc78ec662.jpg\" title=\"__next_static_image_public_images_cam_maze.8f03e8df2f99f4c0c796d25bc78ec662\" alt=\"__next_static_image_public_images_cam_maze.8f03e8df2f99f4c0c796d25bc78ec662\" srcset=\"https:\/\/byvanie.ubytkodemanova.sk\/wp-content\/uploads\/2024\/03\/next_static_image_public_images_cam_maze.8f03e8df2f99f4c0c796d25bc78ec662.jpg 2000w, https:\/\/byvanie.ubytkodemanova.sk\/wp-content\/uploads\/2024\/03\/next_static_image_public_images_cam_maze.8f03e8df2f99f4c0c796d25bc78ec662-300x169.jpg 300w, https:\/\/byvanie.ubytkodemanova.sk\/wp-content\/uploads\/2024\/03\/next_static_image_public_images_cam_maze.8f03e8df2f99f4c0c796d25bc78ec662-1024x576.jpg 1024w, https:\/\/byvanie.ubytkodemanova.sk\/wp-content\/uploads\/2024\/03\/next_static_image_public_images_cam_maze.8f03e8df2f99f4c0c796d25bc78ec662-768x432.jpg 768w, https:\/\/byvanie.ubytkodemanova.sk\/wp-content\/uploads\/2024\/03\/next_static_image_public_images_cam_maze.8f03e8df2f99f4c0c796d25bc78ec662-1536x864.jpg 1536w\" sizes=\"(max-width: 2000px) 100vw, 2000px\" \/>\n<h2 style=\"text-align: center;\">Bli\u017e\u0161ie, ako sa v\u00e1m zd\u00e1<\/h2> <p style=\"text-align: center;\">Autom, na bicykli, aj pl\u00e1novanou elektri\u010dkou \u2013 v centre Bratislavy m\u00f4\u017eete by\u0165 za nieko\u013eko min\u00fat.<\/p>\n<img src=\"https:\/\/byvanie.ubytkodemanova.sk\/wp-content\/uploads\/2024\/03\/map-illustration.png\" title=\"map-illustration\" alt=\"map-illustration\" srcset=\"https:\/\/byvanie.ubytkodemanova.sk\/wp-content\/uploads\/2024\/03\/map-illustration.png 576w, https:\/\/byvanie.ubytkodemanova.sk\/wp-content\/uploads\/2024\/03\/map-illustration-300x260.png 300w\" sizes=\"(max-width: 576px) 100vw, 576px\" \/>\n<h2 style=\"text-align: center;\">Slne\u010dnice u\u017e toho maj\u00fa dos\u0165 za sebou<\/h2> <p style=\"text-align: center;\">A e\u0161te viac pred sebou.<\/p>\n<img src=\"https:\/\/byvanie.ubytkodemanova.sk\/wp-content\/uploads\/2024\/03\/timeline-1.svg\" title=\"timeline\" alt=\"timeline\">","_links":{"self":[{"href":"https:\/\/byvanie.ubytkodemanova.sk\/index.php\/wp-json\/wp\/v2\/pages\/9","targetHints":{"allow":["GET"]}}],"collection":[{"href":"https:\/\/byvanie.ubytkodemanova.sk\/index.php\/wp-json\/wp\/v2\/pages"}],"about":[{"href":"https:\/\/byvanie.ubytkodemanova.sk\/index.php\/wp-json\/wp\/v2\/types\/page"}],"author":[{"embeddable":true,"href":"https:\/\/byvanie.ubytkodemanova.sk\/index.php\/wp-json\/wp\/v2\/users\/1"}],"replies":[{"embeddable":true,"href":"https:\/\/byvanie.ubytkodemanova.sk\/index.php\/wp-json\/wp\/v2\/comments?post=9"}],"version-history":[{"count":7,"href":"https:\/\/byvanie.ubytkodemanova.sk\/index.php\/wp-json\/wp\/v2\/pages\/9\/revisions"}],"predecessor-version":[{"id":78,"href":"https:\/\/byvanie.ubytkodemanova.sk\/index.php\/wp-json\/wp\/v2\/pages\/9\/revisions\/78"}],"wp:attachment":[{"href":"https:\/\/byvanie.ubytkodemanova.sk\/index.php\/wp-json\/wp\/v2\/media?parent=9"}],"curies":[{"name":"wp","href":"https:\/\/api.w.org\/{rel}","templated":true}]}}